{"id":1171,"date":"2024-02-21T20:20:31","date_gmt":"2024-02-21T23:20:31","guid":{"rendered":"https:\/\/downwind.ch\/sobre\/nordeste-do-brasil\/"},"modified":"2024-04-19T23:21:07","modified_gmt":"2024-04-20T02:21:07","slug":"nordeste-do-brasil","status":"publish","type":"page","link":"https:\/\/downwind.ch\/pt-br\/sobre\/nordeste-do-brasil\/","title":{"rendered":"Nordeste do Brasil"},"content":{"rendered":"","protected":false},"excerpt":{"rendered":"","protected":false},"author":1,"featured_media":0,"parent":1132,"menu_order":0,"comment_status":"closed","ping_status":"closed","template":"","meta":{"saved_in_kubio":false,"footnotes":""},"class_list":["post-1171","page","type-page","status-publish","hentry"],"kubio_ai_page_context":{"short_desc":"","purpose":"general"},"yoast_head":"<!-- This site is optimized with the Yoast SEO plugin v27.2 - https:\/\/yoast.com\/product\/yoast-seo-wordpress\/ -->\n<title>Nordeste do Brasil - Downwind Kite Safari<\/title>\n<meta name=\"robots\" content=\"index, follow, max-snippet:-1, max-image-preview:large, max-video-preview:-1\" \/>\n<link rel=\"canonical\" href=\"http:\/\/downwind.ch\/pt-br\/sobre\/nordeste-do-brasil\/\" \/>\n<meta property=\"og:locale\" content=\"pt_BR\" \/>\n<meta property=\"og:type\" content=\"article\" \/>\n<meta property=\"og:title\" content=\"Nordeste do Brasil - Downwind Kite Safari\" \/>\n<meta property=\"og:url\" content=\"http:\/\/downwind.ch\/pt-br\/sobre\/nordeste-do-brasil\/\" \/>\n<meta property=\"og:site_name\" content=\"Downwind Kite Safari\" \/>\n<meta property=\"article:modified_time\" content=\"2024-04-20T02:21:07+00:00\" \/>\n<meta name=\"twitter:card\" content=\"summary_large_image\" \/>\n<meta name=\"twitter:label1\" content=\"Est. tempo de leitura\" \/>\n\t<meta name=\"twitter:data1\" content=\"1 minuto\" \/>\n<script type=\"application\/ld+json\" class=\"yoast-schema-graph\">{\"@context\":\"https:\/\/schema.org\",\"@graph\":[{\"@type\":\"WebPage\",\"@id\":\"http:\/\/downwind.ch\/pt-br\/sobre\/nordeste-do-brasil\/\",\"url\":\"http:\/\/downwind.ch\/pt-br\/sobre\/nordeste-do-brasil\/\",\"name\":\"Nordeste do Brasil - Downwind Kite Safari\",\"isPartOf\":{\"@id\":\"https:\/\/downwind.ch\/#website\"},\"datePublished\":\"2024-02-21T23:20:31+00:00\",\"dateModified\":\"2024-04-20T02:21:07+00:00\",\"breadcrumb\":{\"@id\":\"http:\/\/downwind.ch\/pt-br\/sobre\/nordeste-do-brasil\/#breadcrumb\"},\"inLanguage\":\"pt-BR\",\"potentialAction\":[{\"@type\":\"ReadAction\",\"target\":[\"http:\/\/downwind.ch\/pt-br\/sobre\/nordeste-do-brasil\/\"]}]},{\"@type\":\"BreadcrumbList\",\"@id\":\"http:\/\/downwind.ch\/pt-br\/sobre\/nordeste-do-brasil\/#breadcrumb\",\"itemListElement\":[{\"@type\":\"ListItem\",\"position\":1,\"name\":\"Home\",\"item\":\"https:\/\/downwind.ch\/pt-br\/\"},{\"@type\":\"ListItem\",\"position\":2,\"name\":\"Sobre\",\"item\":\"http:\/\/downwind.ch\/pt-br\/sobre\/\"},{\"@type\":\"ListItem\",\"position\":3,\"name\":\"Nordeste do Brasil\"}]},{\"@type\":\"WebSite\",\"@id\":\"https:\/\/downwind.ch\/#website\",\"url\":\"https:\/\/downwind.ch\/\",\"name\":\"Downwind Kite Safari\",\"description\":\"Em um saf\u00e1ri de kitesurf a favor do vento, uma aventura espera por voc\u00ea em um downwind de v\u00e1rios dias, passando por praias arenosas tropicais e em grande parte desertas. Para desfrutar realmente desta aventura, damos grande import\u00e2ncia ao bom atendimento e \u00e0 seguran\u00e7a. Acompanhado de um ve\u00edculo na praia e um guia de kitesurf na \u00e1gua, algu\u00e9m est\u00e1 sempre presente e voc\u00ea pode aproveitar o kitesafari downwind sem preocupa\u00e7\u00f5es.\",\"publisher\":{\"@id\":\"https:\/\/downwind.ch\/#organization\"},\"alternateName\":\"Downwind KiteSafari\",\"potentialAction\":[{\"@type\":\"SearchAction\",\"target\":{\"@type\":\"EntryPoint\",\"urlTemplate\":\"https:\/\/downwind.ch\/?s={search_term_string}\"},\"query-input\":{\"@type\":\"PropertyValueSpecification\",\"valueRequired\":true,\"valueName\":\"search_term_string\"}}],\"inLanguage\":\"pt-BR\"},{\"@type\":\"Organization\",\"@id\":\"https:\/\/downwind.ch\/#organization\",\"name\":\"Downwind Kite Safari\",\"url\":\"https:\/\/downwind.ch\/\",\"logo\":{\"@type\":\"ImageObject\",\"inLanguage\":\"pt-BR\",\"@id\":\"https:\/\/downwind.ch\/#\/schema\/logo\/image\/\",\"url\":\"http:\/\/downwind.ch\/wp-content\/uploads\/2024\/02\/logo_downwind.png\",\"contentUrl\":\"http:\/\/downwind.ch\/wp-content\/uploads\/2024\/02\/logo_downwind.png\",\"width\":151,\"height\":70,\"caption\":\"Downwind Kite Safari\"},\"image\":{\"@id\":\"https:\/\/downwind.ch\/#\/schema\/logo\/image\/\"}}]}<\/script>\n<!-- \/ Yoast SEO plugin. -->","yoast_head_json":{"title":"Nordeste do Brasil - Downwind Kite Safari","robots":{"index":"index","follow":"follow","max-snippet":"max-snippet:-1","max-image-preview":"max-image-preview:large","max-video-preview":"max-video-preview:-1"},"canonical":"http:\/\/downwind.ch\/pt-br\/sobre\/nordeste-do-brasil\/","og_locale":"pt_BR","og_type":"article","og_title":"Nordeste do Brasil - Downwind Kite Safari","og_url":"http:\/\/downwind.ch\/pt-br\/sobre\/nordeste-do-brasil\/","og_site_name":"Downwind Kite Safari","article_modified_time":"2024-04-20T02:21:07+00:00","twitter_card":"summary_large_image","twitter_misc":{"Est. tempo de leitura":"1 minuto"},"schema":{"@context":"https:\/\/schema.org","@graph":[{"@type":"WebPage","@id":"http:\/\/downwind.ch\/pt-br\/sobre\/nordeste-do-brasil\/","url":"http:\/\/downwind.ch\/pt-br\/sobre\/nordeste-do-brasil\/","name":"Nordeste do Brasil - Downwind Kite Safari","isPartOf":{"@id":"https:\/\/downwind.ch\/#website"},"datePublished":"2024-02-21T23:20:31+00:00","dateModified":"2024-04-20T02:21:07+00:00","breadcrumb":{"@id":"http:\/\/downwind.ch\/pt-br\/sobre\/nordeste-do-brasil\/#breadcrumb"},"inLanguage":"pt-BR","potentialAction":[{"@type":"ReadAction","target":["http:\/\/downwind.ch\/pt-br\/sobre\/nordeste-do-brasil\/"]}]},{"@type":"BreadcrumbList","@id":"http:\/\/downwind.ch\/pt-br\/sobre\/nordeste-do-brasil\/#breadcrumb","itemListElement":[{"@type":"ListItem","position":1,"name":"Home","item":"https:\/\/downwind.ch\/pt-br\/"},{"@type":"ListItem","position":2,"name":"Sobre","item":"http:\/\/downwind.ch\/pt-br\/sobre\/"},{"@type":"ListItem","position":3,"name":"Nordeste do Brasil"}]},{"@type":"WebSite","@id":"https:\/\/downwind.ch\/#website","url":"https:\/\/downwind.ch\/","name":"Downwind Kite Safari","description":"Em um saf\u00e1ri de kitesurf a favor do vento, uma aventura espera por voc\u00ea em um downwind de v\u00e1rios dias, passando por praias arenosas tropicais e em grande parte desertas. Para desfrutar realmente desta aventura, damos grande import\u00e2ncia ao bom atendimento e \u00e0 seguran\u00e7a. Acompanhado de um ve\u00edculo na praia e um guia de kitesurf na \u00e1gua, algu\u00e9m est\u00e1 sempre presente e voc\u00ea pode aproveitar o kitesafari downwind sem preocupa\u00e7\u00f5es.","publisher":{"@id":"https:\/\/downwind.ch\/#organization"},"alternateName":"Downwind KiteSafari","potentialAction":[{"@type":"SearchAction","target":{"@type":"EntryPoint","urlTemplate":"https:\/\/downwind.ch\/?s={search_term_string}"},"query-input":{"@type":"PropertyValueSpecification","valueRequired":true,"valueName":"search_term_string"}}],"inLanguage":"pt-BR"},{"@type":"Organization","@id":"https:\/\/downwind.ch\/#organization","name":"Downwind Kite Safari","url":"https:\/\/downwind.ch\/","logo":{"@type":"ImageObject","inLanguage":"pt-BR","@id":"https:\/\/downwind.ch\/#\/schema\/logo\/image\/","url":"http:\/\/downwind.ch\/wp-content\/uploads\/2024\/02\/logo_downwind.png","contentUrl":"http:\/\/downwind.ch\/wp-content\/uploads\/2024\/02\/logo_downwind.png","width":151,"height":70,"caption":"Downwind Kite Safari"},"image":{"@id":"https:\/\/downwind.ch\/#\/schema\/logo\/image\/"}}]}},"_links":{"self":[{"href":"https:\/\/downwind.ch\/pt-br\/wp-json\/wp\/v2\/pages\/1171","targetHints":{"allow":["GET"]}}],"collection":[{"href":"https:\/\/downwind.ch\/pt-br\/wp-json\/wp\/v2\/pages"}],"about":[{"href":"https:\/\/downwind.ch\/pt-br\/wp-json\/wp\/v2\/types\/page"}],"author":[{"embeddable":true,"href":"https:\/\/downwind.ch\/pt-br\/wp-json\/wp\/v2\/users\/1"}],"replies":[{"embeddable":true,"href":"https:\/\/downwind.ch\/pt-br\/wp-json\/wp\/v2\/comments?post=1171"}],"version-history":[{"count":0,"href":"https:\/\/downwind.ch\/pt-br\/wp-json\/wp\/v2\/pages\/1171\/revisions"}],"up":[{"embeddable":true,"href":"https:\/\/downwind.ch\/pt-br\/wp-json\/wp\/v2\/pages\/1132"}],"wp:attachment":[{"href":"https:\/\/downwind.ch\/pt-br\/wp-json\/wp\/v2\/media?parent=1171"}],"curies":[{"name":"wp","href":"https:\/\/api.w.org\/{rel}","templated":true}]}}