{"id":1172,"date":"2024-02-17T01:27:37","date_gmt":"2024-02-17T04:27:37","guid":{"rendered":"https:\/\/downwind.ch\/booking\/"},"modified":"2024-04-09T17:10:43","modified_gmt":"2024-04-09T20:10:43","slug":"booking","status":"publish","type":"page","link":"https:\/\/downwind.ch\/en\/booking\/","title":{"rendered":"Registration"},"content":{"rendered":"\n<h2 class=\"wp-block-heading has-text-align-center\">Registration<\/h2>\n\n<h3 class=\"wp-block-heading\">1. Choose the tour and date for your downwind.<\/h3>\n\n<h3 class=\"wp-block-heading\">2. Read our terms and conditions!<\/h3>\n\n<p>You can find them <a href=\"https:\/\/www.downwind.ch\/wp-content\/uploads\/2024\/02\/allgemeine-reise-und-vertragsbedingungen_de.docx\">here<\/a>.<\/p>\n\n<h3 class=\"wp-block-heading\">3. Use our registration form.<\/h3>\n\n<p><a href=\"https:\/\/docs.google.com\/forms\/d\/e\/1FAIpQLScTFwJgx5wUqfEeKXIEZtNVRQ0BSZLeakO2l4NlxomCoqumpw\/viewform\" target=\"_blank\" rel=\"noreferrer noopener\">Follow this link<\/a>.<\/p>\n\n<p>If you have any questions or remarks, please check our <a href=\"https:\/\/downwind.ch\/en\/contact-us\/\">contact page<\/a> and\/or use the contact form there to let us know. You are welcome!<\/p>\n","protected":false},"excerpt":{"rendered":"<p>Registration 1. Choose the tour and date for your downwind. 2. Read our terms and conditions! You can find them here. 3. Use our registration form. Follow this link. If you have any questions or remarks, please check our contact page and\/or use the contact form there to let us know. You are welcome!<\/p>\n","protected":false},"author":1,"featured_media":0,"parent":0,"menu_order":0,"comment_status":"closed","ping_status":"closed","template":"","meta":{"saved_in_kubio":false,"footnotes":""},"class_list":["post-1172","page","type-page","status-publish","hentry"],"kubio_ai_page_context":{"short_desc":"","purpose":"general"},"yoast_head":"<!-- This site is optimized with the Yoast SEO plugin v27.2 - https:\/\/yoast.com\/product\/yoast-seo-wordpress\/ -->\n<title>Registration - Downwind Kite Safari<\/title>\n<meta name=\"robots\" content=\"index, follow, max-snippet:-1, max-image-preview:large, max-video-preview:-1\" \/>\n<link rel=\"canonical\" href=\"https:\/\/downwind.ch\/en\/booking\/\" \/>\n<meta property=\"og:locale\" content=\"en_US\" \/>\n<meta property=\"og:type\" content=\"article\" \/>\n<meta property=\"og:title\" content=\"Registration - Downwind Kite Safari\" \/>\n<meta property=\"og:description\" content=\"Registration 1. Choose the tour and date for your downwind. 2. Read our terms and conditions! You can find them here. 3. Use our registration form. Follow this link. If you have any questions or remarks, please check our contact page and\/or use the contact form there to let us know. You are welcome!\" \/>\n<meta property=\"og:url\" content=\"https:\/\/downwind.ch\/en\/booking\/\" \/>\n<meta property=\"og:site_name\" content=\"Downwind Kite Safari\" \/>\n<meta property=\"article:modified_time\" content=\"2024-04-09T20:10:43+00:00\" \/>\n<meta name=\"twitter:card\" content=\"summary_large_image\" \/>\n<script type=\"application\/ld+json\" class=\"yoast-schema-graph\">{\"@context\":\"https:\/\/schema.org\",\"@graph\":[{\"@type\":\"WebPage\",\"@id\":\"https:\/\/downwind.ch\/en\/booking\/\",\"url\":\"https:\/\/downwind.ch\/en\/booking\/\",\"name\":\"Registration - Downwind Kite Safari\",\"isPartOf\":{\"@id\":\"https:\/\/downwind.ch\/#website\"},\"datePublished\":\"2024-02-17T04:27:37+00:00\",\"dateModified\":\"2024-04-09T20:10:43+00:00\",\"breadcrumb\":{\"@id\":\"https:\/\/downwind.ch\/en\/booking\/#breadcrumb\"},\"inLanguage\":\"en-US\",\"potentialAction\":[{\"@type\":\"ReadAction\",\"target\":[\"https:\/\/downwind.ch\/en\/booking\/\"]}]},{\"@type\":\"BreadcrumbList\",\"@id\":\"https:\/\/downwind.ch\/en\/booking\/#breadcrumb\",\"itemListElement\":[{\"@type\":\"ListItem\",\"position\":1,\"name\":\"Home\",\"item\":\"https:\/\/downwind.ch\/en\/\"},{\"@type\":\"ListItem\",\"position\":2,\"name\":\"Registration\"}]},{\"@type\":\"WebSite\",\"@id\":\"https:\/\/downwind.ch\/#website\",\"url\":\"https:\/\/downwind.ch\/\",\"name\":\"Downwind Kite Safari\",\"description\":\"Em um saf\u00e1ri de kitesurf a favor do vento, uma aventura espera por voc\u00ea em um downwind de v\u00e1rios dias, passando por praias arenosas tropicais e em grande parte desertas. Para desfrutar realmente desta aventura, damos grande import\u00e2ncia ao bom atendimento e \u00e0 seguran\u00e7a. Acompanhado de um ve\u00edculo na praia e um guia de kitesurf na \u00e1gua, algu\u00e9m est\u00e1 sempre presente e voc\u00ea pode aproveitar o kitesafari downwind sem preocupa\u00e7\u00f5es.\",\"publisher\":{\"@id\":\"https:\/\/downwind.ch\/#organization\"},\"alternateName\":\"Downwind KiteSafari\",\"potentialAction\":[{\"@type\":\"SearchAction\",\"target\":{\"@type\":\"EntryPoint\",\"urlTemplate\":\"https:\/\/downwind.ch\/?s={search_term_string}\"},\"query-input\":{\"@type\":\"PropertyValueSpecification\",\"valueRequired\":true,\"valueName\":\"search_term_string\"}}],\"inLanguage\":\"en-US\"},{\"@type\":\"Organization\",\"@id\":\"https:\/\/downwind.ch\/#organization\",\"name\":\"Downwind Kite Safari\",\"url\":\"https:\/\/downwind.ch\/\",\"logo\":{\"@type\":\"ImageObject\",\"inLanguage\":\"en-US\",\"@id\":\"https:\/\/downwind.ch\/#\/schema\/logo\/image\/\",\"url\":\"http:\/\/downwind.ch\/wp-content\/uploads\/2024\/02\/logo_downwind.png\",\"contentUrl\":\"http:\/\/downwind.ch\/wp-content\/uploads\/2024\/02\/logo_downwind.png\",\"width\":151,\"height\":70,\"caption\":\"Downwind Kite Safari\"},\"image\":{\"@id\":\"https:\/\/downwind.ch\/#\/schema\/logo\/image\/\"}}]}<\/script>\n<!-- \/ Yoast SEO plugin. -->","yoast_head_json":{"title":"Registration - Downwind Kite Safari","robots":{"index":"index","follow":"follow","max-snippet":"max-snippet:-1","max-image-preview":"max-image-preview:large","max-video-preview":"max-video-preview:-1"},"canonical":"https:\/\/downwind.ch\/en\/booking\/","og_locale":"en_US","og_type":"article","og_title":"Registration - Downwind Kite Safari","og_description":"Registration 1. Choose the tour and date for your downwind. 2. Read our terms and conditions! You can find them here. 3. Use our registration form. Follow this link. If you have any questions or remarks, please check our contact page and\/or use the contact form there to let us know. You are welcome!","og_url":"https:\/\/downwind.ch\/en\/booking\/","og_site_name":"Downwind Kite Safari","article_modified_time":"2024-04-09T20:10:43+00:00","twitter_card":"summary_large_image","schema":{"@context":"https:\/\/schema.org","@graph":[{"@type":"WebPage","@id":"https:\/\/downwind.ch\/en\/booking\/","url":"https:\/\/downwind.ch\/en\/booking\/","name":"Registration - Downwind Kite Safari","isPartOf":{"@id":"https:\/\/downwind.ch\/#website"},"datePublished":"2024-02-17T04:27:37+00:00","dateModified":"2024-04-09T20:10:43+00:00","breadcrumb":{"@id":"https:\/\/downwind.ch\/en\/booking\/#breadcrumb"},"inLanguage":"en-US","potentialAction":[{"@type":"ReadAction","target":["https:\/\/downwind.ch\/en\/booking\/"]}]},{"@type":"BreadcrumbList","@id":"https:\/\/downwind.ch\/en\/booking\/#breadcrumb","itemListElement":[{"@type":"ListItem","position":1,"name":"Home","item":"https:\/\/downwind.ch\/en\/"},{"@type":"ListItem","position":2,"name":"Registration"}]},{"@type":"WebSite","@id":"https:\/\/downwind.ch\/#website","url":"https:\/\/downwind.ch\/","name":"Downwind Kite Safari","description":"Em um saf\u00e1ri de kitesurf a favor do vento, uma aventura espera por voc\u00ea em um downwind de v\u00e1rios dias, passando por praias arenosas tropicais e em grande parte desertas. Para desfrutar realmente desta aventura, damos grande import\u00e2ncia ao bom atendimento e \u00e0 seguran\u00e7a. Acompanhado de um ve\u00edculo na praia e um guia de kitesurf na \u00e1gua, algu\u00e9m est\u00e1 sempre presente e voc\u00ea pode aproveitar o kitesafari downwind sem preocupa\u00e7\u00f5es.","publisher":{"@id":"https:\/\/downwind.ch\/#organization"},"alternateName":"Downwind KiteSafari","potentialAction":[{"@type":"SearchAction","target":{"@type":"EntryPoint","urlTemplate":"https:\/\/downwind.ch\/?s={search_term_string}"},"query-input":{"@type":"PropertyValueSpecification","valueRequired":true,"valueName":"search_term_string"}}],"inLanguage":"en-US"},{"@type":"Organization","@id":"https:\/\/downwind.ch\/#organization","name":"Downwind Kite Safari","url":"https:\/\/downwind.ch\/","logo":{"@type":"ImageObject","inLanguage":"en-US","@id":"https:\/\/downwind.ch\/#\/schema\/logo\/image\/","url":"http:\/\/downwind.ch\/wp-content\/uploads\/2024\/02\/logo_downwind.png","contentUrl":"http:\/\/downwind.ch\/wp-content\/uploads\/2024\/02\/logo_downwind.png","width":151,"height":70,"caption":"Downwind Kite Safari"},"image":{"@id":"https:\/\/downwind.ch\/#\/schema\/logo\/image\/"}}]}},"_links":{"self":[{"href":"https:\/\/downwind.ch\/en\/wp-json\/wp\/v2\/pages\/1172","targetHints":{"allow":["GET"]}}],"collection":[{"href":"https:\/\/downwind.ch\/en\/wp-json\/wp\/v2\/pages"}],"about":[{"href":"https:\/\/downwind.ch\/en\/wp-json\/wp\/v2\/types\/page"}],"author":[{"embeddable":true,"href":"https:\/\/downwind.ch\/en\/wp-json\/wp\/v2\/users\/1"}],"replies":[{"embeddable":true,"href":"https:\/\/downwind.ch\/en\/wp-json\/wp\/v2\/comments?post=1172"}],"version-history":[{"count":0,"href":"https:\/\/downwind.ch\/en\/wp-json\/wp\/v2\/pages\/1172\/revisions"}],"wp:attachment":[{"href":"https:\/\/downwind.ch\/en\/wp-json\/wp\/v2\/media?parent=1172"}],"curies":[{"name":"wp","href":"https:\/\/api.w.org\/{rel}","templated":true}]}}