{"id":1168,"date":"2024-02-21T20:20:31","date_gmt":"2024-02-21T23:20:31","guid":{"rendered":"https:\/\/downwind.ch\/about\/north-east-brazil\/"},"modified":"2024-04-20T01:04:53","modified_gmt":"2024-04-20T04:04:53","slug":"north-east-brazil","status":"publish","type":"page","link":"https:\/\/downwind.ch\/en\/about\/north-east-brazil\/","title":{"rendered":"North-East Brazil"},"content":{"rendered":"","protected":false},"excerpt":{"rendered":"","protected":false},"author":1,"featured_media":0,"parent":1133,"menu_order":0,"comment_status":"closed","ping_status":"closed","template":"","meta":{"saved_in_kubio":false,"footnotes":""},"class_list":["post-1168","page","type-page","status-publish","hentry"],"kubio_ai_page_context":{"short_desc":"","purpose":"general"},"yoast_head":"<!-- This site is optimized with the Yoast SEO plugin v27.2 - https:\/\/yoast.com\/product\/yoast-seo-wordpress\/ -->\n<title>North-East Brazil - Downwind Kite Safari<\/title>\n<meta name=\"robots\" content=\"index, follow, max-snippet:-1, max-image-preview:large, max-video-preview:-1\" \/>\n<link rel=\"canonical\" href=\"https:\/\/downwind.ch\/en\/about\/north-east-brazil\/\" \/>\n<meta property=\"og:locale\" content=\"en_US\" \/>\n<meta property=\"og:type\" content=\"article\" \/>\n<meta property=\"og:title\" content=\"North-East Brazil - Downwind Kite Safari\" \/>\n<meta property=\"og:url\" content=\"https:\/\/downwind.ch\/en\/about\/north-east-brazil\/\" \/>\n<meta property=\"og:site_name\" content=\"Downwind Kite Safari\" \/>\n<meta property=\"article:modified_time\" content=\"2024-04-20T04:04:53+00:00\" \/>\n<meta name=\"twitter:card\" content=\"summary_large_image\" \/>\n<meta name=\"twitter:label1\" content=\"Est. reading time\" \/>\n\t<meta name=\"twitter:data1\" content=\"1 minute\" \/>\n<script type=\"application\/ld+json\" class=\"yoast-schema-graph\">{\"@context\":\"https:\/\/schema.org\",\"@graph\":[{\"@type\":\"WebPage\",\"@id\":\"https:\/\/downwind.ch\/en\/about\/north-east-brazil\/\",\"url\":\"https:\/\/downwind.ch\/en\/about\/north-east-brazil\/\",\"name\":\"North-East Brazil - Downwind Kite Safari\",\"isPartOf\":{\"@id\":\"https:\/\/downwind.ch\/#website\"},\"datePublished\":\"2024-02-21T23:20:31+00:00\",\"dateModified\":\"2024-04-20T04:04:53+00:00\",\"breadcrumb\":{\"@id\":\"https:\/\/downwind.ch\/en\/about\/north-east-brazil\/#breadcrumb\"},\"inLanguage\":\"en-US\",\"potentialAction\":[{\"@type\":\"ReadAction\",\"target\":[\"https:\/\/downwind.ch\/en\/about\/north-east-brazil\/\"]}]},{\"@type\":\"BreadcrumbList\",\"@id\":\"https:\/\/downwind.ch\/en\/about\/north-east-brazil\/#breadcrumb\",\"itemListElement\":[{\"@type\":\"ListItem\",\"position\":1,\"name\":\"Home\",\"item\":\"https:\/\/downwind.ch\/en\/\"},{\"@type\":\"ListItem\",\"position\":2,\"name\":\"About\",\"item\":\"https:\/\/downwind.ch\/en\/about\/\"},{\"@type\":\"ListItem\",\"position\":3,\"name\":\"North-East Brazil\"}]},{\"@type\":\"WebSite\",\"@id\":\"https:\/\/downwind.ch\/#website\",\"url\":\"https:\/\/downwind.ch\/\",\"name\":\"Downwind Kite Safari\",\"description\":\"Em um saf\u00e1ri de kitesurf a favor do vento, uma aventura espera por voc\u00ea em um downwind de v\u00e1rios dias, passando por praias arenosas tropicais e em grande parte desertas. Para desfrutar realmente desta aventura, damos grande import\u00e2ncia ao bom atendimento e \u00e0 seguran\u00e7a. Acompanhado de um ve\u00edculo na praia e um guia de kitesurf na \u00e1gua, algu\u00e9m est\u00e1 sempre presente e voc\u00ea pode aproveitar o kitesafari downwind sem preocupa\u00e7\u00f5es.\",\"publisher\":{\"@id\":\"https:\/\/downwind.ch\/#organization\"},\"alternateName\":\"Downwind KiteSafari\",\"potentialAction\":[{\"@type\":\"SearchAction\",\"target\":{\"@type\":\"EntryPoint\",\"urlTemplate\":\"https:\/\/downwind.ch\/?s={search_term_string}\"},\"query-input\":{\"@type\":\"PropertyValueSpecification\",\"valueRequired\":true,\"valueName\":\"search_term_string\"}}],\"inLanguage\":\"en-US\"},{\"@type\":\"Organization\",\"@id\":\"https:\/\/downwind.ch\/#organization\",\"name\":\"Downwind Kite Safari\",\"url\":\"https:\/\/downwind.ch\/\",\"logo\":{\"@type\":\"ImageObject\",\"inLanguage\":\"en-US\",\"@id\":\"https:\/\/downwind.ch\/#\/schema\/logo\/image\/\",\"url\":\"http:\/\/downwind.ch\/wp-content\/uploads\/2024\/02\/logo_downwind.png\",\"contentUrl\":\"http:\/\/downwind.ch\/wp-content\/uploads\/2024\/02\/logo_downwind.png\",\"width\":151,\"height\":70,\"caption\":\"Downwind Kite Safari\"},\"image\":{\"@id\":\"https:\/\/downwind.ch\/#\/schema\/logo\/image\/\"}}]}<\/script>\n<!-- \/ Yoast SEO plugin. -->","yoast_head_json":{"title":"North-East Brazil - Downwind Kite Safari","robots":{"index":"index","follow":"follow","max-snippet":"max-snippet:-1","max-image-preview":"max-image-preview:large","max-video-preview":"max-video-preview:-1"},"canonical":"https:\/\/downwind.ch\/en\/about\/north-east-brazil\/","og_locale":"en_US","og_type":"article","og_title":"North-East Brazil - Downwind Kite Safari","og_url":"https:\/\/downwind.ch\/en\/about\/north-east-brazil\/","og_site_name":"Downwind Kite Safari","article_modified_time":"2024-04-20T04:04:53+00:00","twitter_card":"summary_large_image","twitter_misc":{"Est. reading time":"1 minute"},"schema":{"@context":"https:\/\/schema.org","@graph":[{"@type":"WebPage","@id":"https:\/\/downwind.ch\/en\/about\/north-east-brazil\/","url":"https:\/\/downwind.ch\/en\/about\/north-east-brazil\/","name":"North-East Brazil - Downwind Kite Safari","isPartOf":{"@id":"https:\/\/downwind.ch\/#website"},"datePublished":"2024-02-21T23:20:31+00:00","dateModified":"2024-04-20T04:04:53+00:00","breadcrumb":{"@id":"https:\/\/downwind.ch\/en\/about\/north-east-brazil\/#breadcrumb"},"inLanguage":"en-US","potentialAction":[{"@type":"ReadAction","target":["https:\/\/downwind.ch\/en\/about\/north-east-brazil\/"]}]},{"@type":"BreadcrumbList","@id":"https:\/\/downwind.ch\/en\/about\/north-east-brazil\/#breadcrumb","itemListElement":[{"@type":"ListItem","position":1,"name":"Home","item":"https:\/\/downwind.ch\/en\/"},{"@type":"ListItem","position":2,"name":"About","item":"https:\/\/downwind.ch\/en\/about\/"},{"@type":"ListItem","position":3,"name":"North-East Brazil"}]},{"@type":"WebSite","@id":"https:\/\/downwind.ch\/#website","url":"https:\/\/downwind.ch\/","name":"Downwind Kite Safari","description":"Em um saf\u00e1ri de kitesurf a favor do vento, uma aventura espera por voc\u00ea em um downwind de v\u00e1rios dias, passando por praias arenosas tropicais e em grande parte desertas. Para desfrutar realmente desta aventura, damos grande import\u00e2ncia ao bom atendimento e \u00e0 seguran\u00e7a. Acompanhado de um ve\u00edculo na praia e um guia de kitesurf na \u00e1gua, algu\u00e9m est\u00e1 sempre presente e voc\u00ea pode aproveitar o kitesafari downwind sem preocupa\u00e7\u00f5es.","publisher":{"@id":"https:\/\/downwind.ch\/#organization"},"alternateName":"Downwind KiteSafari","potentialAction":[{"@type":"SearchAction","target":{"@type":"EntryPoint","urlTemplate":"https:\/\/downwind.ch\/?s={search_term_string}"},"query-input":{"@type":"PropertyValueSpecification","valueRequired":true,"valueName":"search_term_string"}}],"inLanguage":"en-US"},{"@type":"Organization","@id":"https:\/\/downwind.ch\/#organization","name":"Downwind Kite Safari","url":"https:\/\/downwind.ch\/","logo":{"@type":"ImageObject","inLanguage":"en-US","@id":"https:\/\/downwind.ch\/#\/schema\/logo\/image\/","url":"http:\/\/downwind.ch\/wp-content\/uploads\/2024\/02\/logo_downwind.png","contentUrl":"http:\/\/downwind.ch\/wp-content\/uploads\/2024\/02\/logo_downwind.png","width":151,"height":70,"caption":"Downwind Kite Safari"},"image":{"@id":"https:\/\/downwind.ch\/#\/schema\/logo\/image\/"}}]}},"_links":{"self":[{"href":"https:\/\/downwind.ch\/en\/wp-json\/wp\/v2\/pages\/1168","targetHints":{"allow":["GET"]}}],"collection":[{"href":"https:\/\/downwind.ch\/en\/wp-json\/wp\/v2\/pages"}],"about":[{"href":"https:\/\/downwind.ch\/en\/wp-json\/wp\/v2\/types\/page"}],"author":[{"embeddable":true,"href":"https:\/\/downwind.ch\/en\/wp-json\/wp\/v2\/users\/1"}],"replies":[{"embeddable":true,"href":"https:\/\/downwind.ch\/en\/wp-json\/wp\/v2\/comments?post=1168"}],"version-history":[{"count":0,"href":"https:\/\/downwind.ch\/en\/wp-json\/wp\/v2\/pages\/1168\/revisions"}],"up":[{"embeddable":true,"href":"https:\/\/downwind.ch\/en\/wp-json\/wp\/v2\/pages\/1133"}],"wp:attachment":[{"href":"https:\/\/downwind.ch\/en\/wp-json\/wp\/v2\/media?parent=1168"}],"curies":[{"name":"wp","href":"https:\/\/api.w.org\/{rel}","templated":true}]}}