{"id":1276,"date":"2024-03-04T17:20:09","date_gmt":"2024-03-04T20:20:09","guid":{"rendered":"https:\/\/downwind.ch\/tours\/5-jours-cumbuco-jericoacoara\/"},"modified":"2026-02-12T22:59:33","modified_gmt":"2026-02-13T01:59:33","slug":"cumbuco-jericoacoara","status":"publish","type":"page","link":"http:\/\/downwind.ch\/fr\/tours\/cumbuco-jericoacoara\/","title":{"rendered":"Cumbuco &#8211; Jericoacoara"},"content":{"rendered":"","protected":false},"excerpt":{"rendered":"","protected":false},"author":1,"featured_media":0,"parent":1203,"menu_order":0,"comment_status":"closed","ping_status":"closed","template":"full-width","meta":{"saved_in_kubio":true,"footnotes":""},"class_list":["post-1276","page","type-page","status-publish","hentry"],"kubio_ai_page_context":{"short_desc":"","purpose":"general"},"yoast_head":"<!-- This site is optimized with the Yoast SEO plugin v27.2 - https:\/\/yoast.com\/product\/yoast-seo-wordpress\/ -->\n<title>Cumbuco - Jericoacoara - Downwind Kite Safari<\/title>\n<meta name=\"robots\" content=\"index, follow, max-snippet:-1, max-image-preview:large, max-video-preview:-1\" \/>\n<link rel=\"canonical\" href=\"https:\/\/downwind.ch\/fr\/tours\/cumbuco-jericoacoara\/\" \/>\n<meta property=\"og:locale\" content=\"fr_FR\" \/>\n<meta property=\"og:type\" content=\"article\" \/>\n<meta property=\"og:title\" content=\"Cumbuco - Jericoacoara - Downwind Kite Safari\" \/>\n<meta property=\"og:url\" content=\"https:\/\/downwind.ch\/fr\/tours\/cumbuco-jericoacoara\/\" \/>\n<meta property=\"og:site_name\" content=\"Downwind Kite Safari\" \/>\n<meta property=\"article:modified_time\" content=\"2026-02-13T01:59:33+00:00\" \/>\n<meta name=\"twitter:card\" content=\"summary_large_image\" \/>\n<meta name=\"twitter:label1\" content=\"Dur\u00e9e de lecture estim\u00e9e\" \/>\n\t<meta name=\"twitter:data1\" content=\"5 minutes\" \/>\n<script type=\"application\/ld+json\" class=\"yoast-schema-graph\">{\"@context\":\"https:\/\/schema.org\",\"@graph\":[{\"@type\":\"WebPage\",\"@id\":\"https:\/\/downwind.ch\/fr\/tours\/cumbuco-jericoacoara\/\",\"url\":\"https:\/\/downwind.ch\/fr\/tours\/cumbuco-jericoacoara\/\",\"name\":\"Cumbuco - Jericoacoara - Downwind Kite Safari\",\"isPartOf\":{\"@id\":\"https:\/\/downwind.ch\/#website\"},\"datePublished\":\"2024-03-04T20:20:09+00:00\",\"dateModified\":\"2026-02-13T01:59:33+00:00\",\"breadcrumb\":{\"@id\":\"https:\/\/downwind.ch\/fr\/tours\/cumbuco-jericoacoara\/#breadcrumb\"},\"inLanguage\":\"fr-FR\",\"potentialAction\":[{\"@type\":\"ReadAction\",\"target\":[\"https:\/\/downwind.ch\/fr\/tours\/cumbuco-jericoacoara\/\"]}]},{\"@type\":\"BreadcrumbList\",\"@id\":\"https:\/\/downwind.ch\/fr\/tours\/cumbuco-jericoacoara\/#breadcrumb\",\"itemListElement\":[{\"@type\":\"ListItem\",\"position\":1,\"name\":\"Home\",\"item\":\"https:\/\/downwind.ch\/fr\/\"},{\"@type\":\"ListItem\",\"position\":2,\"name\":\"Circuits\",\"item\":\"https:\/\/downwind.ch\/fr\/tours\/\"},{\"@type\":\"ListItem\",\"position\":3,\"name\":\"Cumbuco &#8211; Jericoacoara\"}]},{\"@type\":\"WebSite\",\"@id\":\"https:\/\/downwind.ch\/#website\",\"url\":\"https:\/\/downwind.ch\/\",\"name\":\"Downwind Kite Safari\",\"description\":\"Em um saf\u00e1ri de kitesurf a favor do vento, uma aventura espera por voc\u00ea em um downwind de v\u00e1rios dias, passando por praias arenosas tropicais e em grande parte desertas. Para desfrutar realmente desta aventura, damos grande import\u00e2ncia ao bom atendimento e \u00e0 seguran\u00e7a. Acompanhado de um ve\u00edculo na praia e um guia de kitesurf na \u00e1gua, algu\u00e9m est\u00e1 sempre presente e voc\u00ea pode aproveitar o kitesafari downwind sem preocupa\u00e7\u00f5es.\",\"publisher\":{\"@id\":\"https:\/\/downwind.ch\/#organization\"},\"alternateName\":\"Downwind KiteSafari\",\"potentialAction\":[{\"@type\":\"SearchAction\",\"target\":{\"@type\":\"EntryPoint\",\"urlTemplate\":\"https:\/\/downwind.ch\/?s={search_term_string}\"},\"query-input\":{\"@type\":\"PropertyValueSpecification\",\"valueRequired\":true,\"valueName\":\"search_term_string\"}}],\"inLanguage\":\"fr-FR\"},{\"@type\":\"Organization\",\"@id\":\"https:\/\/downwind.ch\/#organization\",\"name\":\"Downwind Kite Safari\",\"url\":\"https:\/\/downwind.ch\/\",\"logo\":{\"@type\":\"ImageObject\",\"inLanguage\":\"fr-FR\",\"@id\":\"https:\/\/downwind.ch\/#\/schema\/logo\/image\/\",\"url\":\"http:\/\/downwind.ch\/wp-content\/uploads\/2024\/02\/logo_downwind.png\",\"contentUrl\":\"http:\/\/downwind.ch\/wp-content\/uploads\/2024\/02\/logo_downwind.png\",\"width\":151,\"height\":70,\"caption\":\"Downwind Kite Safari\"},\"image\":{\"@id\":\"https:\/\/downwind.ch\/#\/schema\/logo\/image\/\"}}]}<\/script>\n<!-- \/ Yoast SEO plugin. -->","yoast_head_json":{"title":"Cumbuco - Jericoacoara - Downwind Kite Safari","robots":{"index":"index","follow":"follow","max-snippet":"max-snippet:-1","max-image-preview":"max-image-preview:large","max-video-preview":"max-video-preview:-1"},"canonical":"https:\/\/downwind.ch\/fr\/tours\/cumbuco-jericoacoara\/","og_locale":"fr_FR","og_type":"article","og_title":"Cumbuco - Jericoacoara - Downwind Kite Safari","og_url":"https:\/\/downwind.ch\/fr\/tours\/cumbuco-jericoacoara\/","og_site_name":"Downwind Kite Safari","article_modified_time":"2026-02-13T01:59:33+00:00","twitter_card":"summary_large_image","twitter_misc":{"Dur\u00e9e de lecture estim\u00e9e":"5 minutes"},"schema":{"@context":"https:\/\/schema.org","@graph":[{"@type":"WebPage","@id":"https:\/\/downwind.ch\/fr\/tours\/cumbuco-jericoacoara\/","url":"https:\/\/downwind.ch\/fr\/tours\/cumbuco-jericoacoara\/","name":"Cumbuco - Jericoacoara - Downwind Kite Safari","isPartOf":{"@id":"https:\/\/downwind.ch\/#website"},"datePublished":"2024-03-04T20:20:09+00:00","dateModified":"2026-02-13T01:59:33+00:00","breadcrumb":{"@id":"https:\/\/downwind.ch\/fr\/tours\/cumbuco-jericoacoara\/#breadcrumb"},"inLanguage":"fr-FR","potentialAction":[{"@type":"ReadAction","target":["https:\/\/downwind.ch\/fr\/tours\/cumbuco-jericoacoara\/"]}]},{"@type":"BreadcrumbList","@id":"https:\/\/downwind.ch\/fr\/tours\/cumbuco-jericoacoara\/#breadcrumb","itemListElement":[{"@type":"ListItem","position":1,"name":"Home","item":"https:\/\/downwind.ch\/fr\/"},{"@type":"ListItem","position":2,"name":"Circuits","item":"https:\/\/downwind.ch\/fr\/tours\/"},{"@type":"ListItem","position":3,"name":"Cumbuco &#8211; Jericoacoara"}]},{"@type":"WebSite","@id":"https:\/\/downwind.ch\/#website","url":"https:\/\/downwind.ch\/","name":"Downwind Kite Safari","description":"Em um saf\u00e1ri de kitesurf a favor do vento, uma aventura espera por voc\u00ea em um downwind de v\u00e1rios dias, passando por praias arenosas tropicais e em grande parte desertas. Para desfrutar realmente desta aventura, damos grande import\u00e2ncia ao bom atendimento e \u00e0 seguran\u00e7a. Acompanhado de um ve\u00edculo na praia e um guia de kitesurf na \u00e1gua, algu\u00e9m est\u00e1 sempre presente e voc\u00ea pode aproveitar o kitesafari downwind sem preocupa\u00e7\u00f5es.","publisher":{"@id":"https:\/\/downwind.ch\/#organization"},"alternateName":"Downwind KiteSafari","potentialAction":[{"@type":"SearchAction","target":{"@type":"EntryPoint","urlTemplate":"https:\/\/downwind.ch\/?s={search_term_string}"},"query-input":{"@type":"PropertyValueSpecification","valueRequired":true,"valueName":"search_term_string"}}],"inLanguage":"fr-FR"},{"@type":"Organization","@id":"https:\/\/downwind.ch\/#organization","name":"Downwind Kite Safari","url":"https:\/\/downwind.ch\/","logo":{"@type":"ImageObject","inLanguage":"fr-FR","@id":"https:\/\/downwind.ch\/#\/schema\/logo\/image\/","url":"http:\/\/downwind.ch\/wp-content\/uploads\/2024\/02\/logo_downwind.png","contentUrl":"http:\/\/downwind.ch\/wp-content\/uploads\/2024\/02\/logo_downwind.png","width":151,"height":70,"caption":"Downwind Kite Safari"},"image":{"@id":"https:\/\/downwind.ch\/#\/schema\/logo\/image\/"}}]}},"_links":{"self":[{"href":"http:\/\/downwind.ch\/fr\/wp-json\/wp\/v2\/pages\/1276","targetHints":{"allow":["GET"]}}],"collection":[{"href":"http:\/\/downwind.ch\/fr\/wp-json\/wp\/v2\/pages"}],"about":[{"href":"http:\/\/downwind.ch\/fr\/wp-json\/wp\/v2\/types\/page"}],"author":[{"embeddable":true,"href":"http:\/\/downwind.ch\/fr\/wp-json\/wp\/v2\/users\/1"}],"replies":[{"embeddable":true,"href":"http:\/\/downwind.ch\/fr\/wp-json\/wp\/v2\/comments?post=1276"}],"version-history":[{"count":6,"href":"http:\/\/downwind.ch\/fr\/wp-json\/wp\/v2\/pages\/1276\/revisions"}],"predecessor-version":[{"id":2196,"href":"http:\/\/downwind.ch\/fr\/wp-json\/wp\/v2\/pages\/1276\/revisions\/2196"}],"up":[{"embeddable":true,"href":"http:\/\/downwind.ch\/fr\/wp-json\/wp\/v2\/pages\/1203"}],"wp:attachment":[{"href":"http:\/\/downwind.ch\/fr\/wp-json\/wp\/v2\/media?parent=1276"}],"curies":[{"name":"wp","href":"https:\/\/api.w.org\/{rel}","templated":true}]}}